{"id":1796,"date":"2022-05-05T14:38:33","date_gmt":"2022-05-05T14:38:33","guid":{"rendered":"https:\/\/hertog.t2m.dev\/vloer\/unkategorisiert\/raffaello-burnt-umber\/"},"modified":"2023-04-04T12:00:02","modified_gmt":"2023-04-04T12:00:02","slug":"raffaello-burnt-umber","status":"publish","type":"product","link":"https:\/\/www.hertog.com\/de\/boden\/top-duo-kollektion\/raffaello-burnt-umber\/","title":{"rendered":"Raffaello &#8211; Burnt Umber"},"content":{"rendered":"","protected":false},"excerpt":{"rendered":"<p>Durch das B\u00fcrsten der Oberfl\u00e4che wird die sch\u00f6ne Maserung der Eiche betont, wodurch ein unverwechselbares Erscheinungsbild entsteht. Dieser Boden ist in jeder Farbe zeitlos.<\/p>\n","protected":false},"featured_media":1409,"template":"","meta":{"_acf_changed":false,"inline_featured_image":false},"product_brand":[],"product_cat":[42],"product_tag":[],"class_list":{"0":"post-1796","1":"product","2":"type-product","3":"status-publish","4":"has-post-thumbnail","6":"product_cat-top-duo-kollektion","8":"first","9":"instock","10":"shipping-taxable","11":"product-type-simple"},"acf":[],"_links":{"self":[{"href":"https:\/\/www.hertog.com\/de\/wp-json\/wp\/v2\/product\/1796","targetHints":{"allow":["GET"]}}],"collection":[{"href":"https:\/\/www.hertog.com\/de\/wp-json\/wp\/v2\/product"}],"about":[{"href":"https:\/\/www.hertog.com\/de\/wp-json\/wp\/v2\/types\/product"}],"wp:featuredmedia":[{"embeddable":true,"href":"https:\/\/www.hertog.com\/de\/wp-json\/wp\/v2\/media\/1409"}],"wp:attachment":[{"href":"https:\/\/www.hertog.com\/de\/wp-json\/wp\/v2\/media?parent=1796"}],"wp:term":[{"taxonomy":"product_brand","embeddable":true,"href":"https:\/\/www.hertog.com\/de\/wp-json\/wp\/v2\/product_brand?post=1796"},{"taxonomy":"product_cat","embeddable":true,"href":"https:\/\/www.hertog.com\/de\/wp-json\/wp\/v2\/product_cat?post=1796"},{"taxonomy":"product_tag","embeddable":true,"href":"https:\/\/www.hertog.com\/de\/wp-json\/wp\/v2\/product_tag?post=1796"}],"curies":[{"name":"wp","href":"https:\/\/api.w.org\/{rel}","templated":true}]}}