{"id":1806,"date":"2022-05-05T14:23:43","date_gmt":"2022-05-05T14:23:43","guid":{"rendered":"https:\/\/hertog.t2m.dev\/vloer\/unkategorisiert\/raffaello-naturel-umber\/"},"modified":"2023-10-11T08:39:06","modified_gmt":"2023-10-11T08:39:06","slug":"raffaello-naturel-umber","status":"publish","type":"product","link":"https:\/\/www.hertog.com\/de\/boden\/top-duo-kollektion\/raffaello-naturel-umber\/","title":{"rendered":"Raffaello &#8211; Natural Umber"},"content":{"rendered":"","protected":false},"excerpt":{"rendered":"<p>Durch das B\u00fcrsten der Oberfl\u00e4che wird die sch\u00f6ne Maserung der Eiche betont, wodurch ein unverwechselbares Erscheinungsbild entsteht. Dieser Boden ist in jeder Farbe zeitlos.<\/p>\n","protected":false},"featured_media":1385,"template":"","meta":{"_acf_changed":false,"inline_featured_image":false},"product_brand":[],"product_cat":[42],"product_tag":[],"class_list":{"0":"post-1806","1":"product","2":"type-product","3":"status-publish","4":"has-post-thumbnail","6":"product_cat-top-duo-kollektion","8":"first","9":"instock","10":"shipping-taxable","11":"product-type-simple"},"acf":[],"_links":{"self":[{"href":"https:\/\/www.hertog.com\/de\/wp-json\/wp\/v2\/product\/1806","targetHints":{"allow":["GET"]}}],"collection":[{"href":"https:\/\/www.hertog.com\/de\/wp-json\/wp\/v2\/product"}],"about":[{"href":"https:\/\/www.hertog.com\/de\/wp-json\/wp\/v2\/types\/product"}],"wp:featuredmedia":[{"embeddable":true,"href":"https:\/\/www.hertog.com\/de\/wp-json\/wp\/v2\/media\/1385"}],"wp:attachment":[{"href":"https:\/\/www.hertog.com\/de\/wp-json\/wp\/v2\/media?parent=1806"}],"wp:term":[{"taxonomy":"product_brand","embeddable":true,"href":"https:\/\/www.hertog.com\/de\/wp-json\/wp\/v2\/product_brand?post=1806"},{"taxonomy":"product_cat","embeddable":true,"href":"https:\/\/www.hertog.com\/de\/wp-json\/wp\/v2\/product_cat?post=1806"},{"taxonomy":"product_tag","embeddable":true,"href":"https:\/\/www.hertog.com\/de\/wp-json\/wp\/v2\/product_tag?post=1806"}],"curies":[{"name":"wp","href":"https:\/\/api.w.org\/{rel}","templated":true}]}}