{"id":1822,"date":"2022-05-05T14:10:23","date_gmt":"2022-05-05T14:10:23","guid":{"rendered":"https:\/\/hertog.t2m.dev\/vloer\/unkategorisiert\/da-vinci-sparkling-white\/"},"modified":"2023-04-04T13:01:26","modified_gmt":"2023-04-04T13:01:26","slug":"da-vinci-sparkling-white","status":"publish","type":"product","link":"https:\/\/www.hertog.com\/de\/boden\/autentico-kollektion\/da-vinci-sparkling-white\/","title":{"rendered":"Da Vinci &#8211; Sparkling White"},"content":{"rendered":"","protected":false},"excerpt":{"rendered":"<p>Designgeschabte und handgehobelte Dielen mit markanter Struktur und charakteristischen erhabenen \u00c4sten, Rissen und kleinen S\u00e4geschnitten. Ein Boden mit Charakter f\u00fcr besondere R\u00e4ume, f\u00fcr einen besonderen Look.<\/p>\n","protected":false},"featured_media":4990,"template":"","meta":{"_acf_changed":false,"inline_featured_image":false},"product_brand":[],"product_cat":[41],"product_tag":[],"class_list":{"0":"post-1822","1":"product","2":"type-product","3":"status-publish","4":"has-post-thumbnail","6":"product_cat-autentico-kollektion","8":"first","9":"instock","10":"shipping-taxable","11":"product-type-simple"},"acf":[],"_links":{"self":[{"href":"https:\/\/www.hertog.com\/de\/wp-json\/wp\/v2\/product\/1822","targetHints":{"allow":["GET"]}}],"collection":[{"href":"https:\/\/www.hertog.com\/de\/wp-json\/wp\/v2\/product"}],"about":[{"href":"https:\/\/www.hertog.com\/de\/wp-json\/wp\/v2\/types\/product"}],"wp:featuredmedia":[{"embeddable":true,"href":"https:\/\/www.hertog.com\/de\/wp-json\/wp\/v2\/media\/4990"}],"wp:attachment":[{"href":"https:\/\/www.hertog.com\/de\/wp-json\/wp\/v2\/media?parent=1822"}],"wp:term":[{"taxonomy":"product_brand","embeddable":true,"href":"https:\/\/www.hertog.com\/de\/wp-json\/wp\/v2\/product_brand?post=1822"},{"taxonomy":"product_cat","embeddable":true,"href":"https:\/\/www.hertog.com\/de\/wp-json\/wp\/v2\/product_cat?post=1822"},{"taxonomy":"product_tag","embeddable":true,"href":"https:\/\/www.hertog.com\/de\/wp-json\/wp\/v2\/product_tag?post=1822"}],"curies":[{"name":"wp","href":"https:\/\/api.w.org\/{rel}","templated":true}]}}