{"id":1854,"date":"2022-04-27T20:26:35","date_gmt":"2022-04-27T20:26:35","guid":{"rendered":"https:\/\/hertog.t2m.dev\/vloer\/unkategorisiert\/bologna-grey-linen\/"},"modified":"2023-04-04T12:44:29","modified_gmt":"2023-04-04T12:44:29","slug":"bologna-grey-linen","status":"publish","type":"product","link":"https:\/\/www.hertog.com\/de\/boden\/autentico-kollektion\/bologna-grey-linen\/","title":{"rendered":"Bologna &#8211; Grey Linen"},"content":{"rendered":"","protected":false},"excerpt":{"rendered":"<p>Extra rustikale Dielen, handgeschabt und stark gehobelt, dann markant geb\u00fcrstet, von Hand akzentuiert, mit weich gerundeten Kanten. Die Oberfl\u00e4che mit offenen \u00c4sten und Rissen. Dieser Boden strahlt eine besondere Atmosph\u00e4re, ein authentisches Vintage Flair, aus.<\/p>\n","protected":false},"featured_media":1265,"template":"","meta":{"_acf_changed":false,"inline_featured_image":false},"product_brand":[],"product_cat":[41],"product_tag":[],"class_list":{"0":"post-1854","1":"product","2":"type-product","3":"status-publish","4":"has-post-thumbnail","6":"product_cat-autentico-kollektion","8":"first","9":"instock","10":"shipping-taxable","11":"product-type-simple"},"acf":[],"_links":{"self":[{"href":"https:\/\/www.hertog.com\/de\/wp-json\/wp\/v2\/product\/1854","targetHints":{"allow":["GET"]}}],"collection":[{"href":"https:\/\/www.hertog.com\/de\/wp-json\/wp\/v2\/product"}],"about":[{"href":"https:\/\/www.hertog.com\/de\/wp-json\/wp\/v2\/types\/product"}],"wp:featuredmedia":[{"embeddable":true,"href":"https:\/\/www.hertog.com\/de\/wp-json\/wp\/v2\/media\/1265"}],"wp:attachment":[{"href":"https:\/\/www.hertog.com\/de\/wp-json\/wp\/v2\/media?parent=1854"}],"wp:term":[{"taxonomy":"product_brand","embeddable":true,"href":"https:\/\/www.hertog.com\/de\/wp-json\/wp\/v2\/product_brand?post=1854"},{"taxonomy":"product_cat","embeddable":true,"href":"https:\/\/www.hertog.com\/de\/wp-json\/wp\/v2\/product_cat?post=1854"},{"taxonomy":"product_tag","embeddable":true,"href":"https:\/\/www.hertog.com\/de\/wp-json\/wp\/v2\/product_tag?post=1854"}],"curies":[{"name":"wp","href":"https:\/\/api.w.org\/{rel}","templated":true}]}}