{"id":5484,"date":"2025-06-12T07:52:50","date_gmt":"2025-06-12T07:52:50","guid":{"rendered":"https:\/\/www.hertog.com\/?post_type=product&#038;p=5484"},"modified":"2025-06-12T08:32:28","modified_gmt":"2025-06-12T08:32:28","slug":"__trashed","status":"publish","type":"product","link":"https:\/\/www.hertog.com\/de\/boden\/top-duo-kollektion\/__trashed\/","title":{"rendered":"Raffaello &#8211; Sand"},"content":{"rendered":"","protected":false},"excerpt":{"rendered":"<p>Durch das B\u00fcrsten der Oberfl\u00e4che wird die sch\u00f6ne Maserung der Eiche betont, wodurch ein unverwechselbares Erscheinungsbild entsteht. Dieser Boden ist in jeder Farbe zeitlos.<\/p>\n","protected":false},"featured_media":5478,"template":"","meta":{"_acf_changed":false,"inline_featured_image":false},"product_brand":[],"product_cat":[42],"product_tag":[],"class_list":{"0":"post-5484","1":"product","2":"type-product","3":"status-publish","4":"has-post-thumbnail","6":"product_cat-top-duo-kollektion","8":"first","9":"instock","10":"shipping-taxable","11":"product-type-simple"},"acf":[],"_links":{"self":[{"href":"https:\/\/www.hertog.com\/de\/wp-json\/wp\/v2\/product\/5484","targetHints":{"allow":["GET"]}}],"collection":[{"href":"https:\/\/www.hertog.com\/de\/wp-json\/wp\/v2\/product"}],"about":[{"href":"https:\/\/www.hertog.com\/de\/wp-json\/wp\/v2\/types\/product"}],"wp:featuredmedia":[{"embeddable":true,"href":"https:\/\/www.hertog.com\/de\/wp-json\/wp\/v2\/media\/5478"}],"wp:attachment":[{"href":"https:\/\/www.hertog.com\/de\/wp-json\/wp\/v2\/media?parent=5484"}],"wp:term":[{"taxonomy":"product_brand","embeddable":true,"href":"https:\/\/www.hertog.com\/de\/wp-json\/wp\/v2\/product_brand?post=5484"},{"taxonomy":"product_cat","embeddable":true,"href":"https:\/\/www.hertog.com\/de\/wp-json\/wp\/v2\/product_cat?post=5484"},{"taxonomy":"product_tag","embeddable":true,"href":"https:\/\/www.hertog.com\/de\/wp-json\/wp\/v2\/product_tag?post=5484"}],"curies":[{"name":"wp","href":"https:\/\/api.w.org\/{rel}","templated":true}]}}