{"id":4577,"date":"2022-12-09T11:18:31","date_gmt":"2022-12-09T11:18:31","guid":{"rendered":"https:\/\/www.hertog.com\/vloer\/non%20class\u00e9\/bologna-the-hamptons\/"},"modified":"2023-04-13T11:45:36","modified_gmt":"2023-04-13T11:45:36","slug":"bologna-the-hamptons","status":"publish","type":"product","link":"https:\/\/www.hertog.com\/fr\/plancher\/autentico-collection-fr\/bologna-the-hamptons\/","title":{"rendered":"Bologna &#8211; The Hamptons"},"content":{"rendered":"","protected":false},"excerpt":{"rendered":"<p>Planches tr\u00e8s rustiques, racl\u00e9es \u00e0 la main et fortement rabot\u00e9es, puis bross\u00e9es de mani\u00e8re caract\u00e9ristique, accentu\u00e9es \u00e0 la main, avec des bords l\u00e9g\u00e8rement arrondis. La surface avec des n\u0153uds ouverts et des fissures. Ce sol d\u00e9gage une atmosph\u00e8re particuli\u00e8re, un authentique flair vintage.<\/p>\n","protected":false},"featured_media":3959,"template":"","meta":{"_acf_changed":false,"inline_featured_image":false},"product_brand":[],"product_cat":[428],"product_tag":[],"class_list":{"0":"post-4577","1":"product","2":"type-product","3":"status-publish","4":"has-post-thumbnail","6":"product_cat-autentico-collection-fr","8":"first","9":"instock","10":"shipping-taxable","11":"product-type-simple"},"acf":[],"_links":{"self":[{"href":"https:\/\/www.hertog.com\/fr\/wp-json\/wp\/v2\/product\/4577","targetHints":{"allow":["GET"]}}],"collection":[{"href":"https:\/\/www.hertog.com\/fr\/wp-json\/wp\/v2\/product"}],"about":[{"href":"https:\/\/www.hertog.com\/fr\/wp-json\/wp\/v2\/types\/product"}],"wp:featuredmedia":[{"embeddable":true,"href":"https:\/\/www.hertog.com\/fr\/wp-json\/wp\/v2\/media\/3959"}],"wp:attachment":[{"href":"https:\/\/www.hertog.com\/fr\/wp-json\/wp\/v2\/media?parent=4577"}],"wp:term":[{"taxonomy":"product_brand","embeddable":true,"href":"https:\/\/www.hertog.com\/fr\/wp-json\/wp\/v2\/product_brand?post=4577"},{"taxonomy":"product_cat","embeddable":true,"href":"https:\/\/www.hertog.com\/fr\/wp-json\/wp\/v2\/product_cat?post=4577"},{"taxonomy":"product_tag","embeddable":true,"href":"https:\/\/www.hertog.com\/fr\/wp-json\/wp\/v2\/product_tag?post=4577"}],"curies":[{"name":"wp","href":"https:\/\/api.w.org\/{rel}","templated":true}]}}