{"id":4580,"date":"2022-06-16T08:55:46","date_gmt":"2022-06-16T08:55:46","guid":{"rendered":"https:\/\/www.hertog.com\/vloer\/non%20class\u00e9\/da-vinci-natural-umber\/"},"modified":"2023-04-13T12:14:35","modified_gmt":"2023-04-13T12:14:35","slug":"da-vinci-natural-umber","status":"publish","type":"product","link":"https:\/\/www.hertog.com\/fr\/plancher\/autentico-collection-fr\/da-vinci-natural-umber\/","title":{"rendered":"Da Vinci &#8211; Natural Umber"},"content":{"rendered":"","protected":false},"excerpt":{"rendered":"<p>Concevez des planches racl\u00e9es et rabot\u00e9es \u00e0 la main avec une structure distinctive et des n\u0153uds en relief caract\u00e9ristiques, des fissures et de petites coupes \u00e0 la scie. Un sol de caract\u00e8re pour des espaces sp\u00e9ciaux, pour une apparence particuli\u00e8re.<\/p>\n","protected":false},"featured_media":5404,"template":"","meta":{"_acf_changed":false,"inline_featured_image":false},"product_brand":[],"product_cat":[428],"product_tag":[],"class_list":{"0":"post-4580","1":"product","2":"type-product","3":"status-publish","4":"has-post-thumbnail","6":"product_cat-autentico-collection-fr","8":"first","9":"instock","10":"shipping-taxable","11":"product-type-simple"},"acf":[],"_links":{"self":[{"href":"https:\/\/www.hertog.com\/fr\/wp-json\/wp\/v2\/product\/4580","targetHints":{"allow":["GET"]}}],"collection":[{"href":"https:\/\/www.hertog.com\/fr\/wp-json\/wp\/v2\/product"}],"about":[{"href":"https:\/\/www.hertog.com\/fr\/wp-json\/wp\/v2\/types\/product"}],"wp:featuredmedia":[{"embeddable":true,"href":"https:\/\/www.hertog.com\/fr\/wp-json\/wp\/v2\/media\/5404"}],"wp:attachment":[{"href":"https:\/\/www.hertog.com\/fr\/wp-json\/wp\/v2\/media?parent=4580"}],"wp:term":[{"taxonomy":"product_brand","embeddable":true,"href":"https:\/\/www.hertog.com\/fr\/wp-json\/wp\/v2\/product_brand?post=4580"},{"taxonomy":"product_cat","embeddable":true,"href":"https:\/\/www.hertog.com\/fr\/wp-json\/wp\/v2\/product_cat?post=4580"},{"taxonomy":"product_tag","embeddable":true,"href":"https:\/\/www.hertog.com\/fr\/wp-json\/wp\/v2\/product_tag?post=4580"}],"curies":[{"name":"wp","href":"https:\/\/api.w.org\/{rel}","templated":true}]}}