{"id":4586,"date":"2022-06-16T08:34:57","date_gmt":"2022-06-16T08:34:57","guid":{"rendered":"https:\/\/www.hertog.com\/vloer\/non%20class\u00e9\/siena-mystic-black\/"},"modified":"2023-04-13T12:24:22","modified_gmt":"2023-04-13T12:24:22","slug":"siena-mystic-black","status":"publish","type":"product","link":"https:\/\/www.hertog.com\/fr\/plancher\/autentico-collection-fr\/siena-mystic-black\/","title":{"rendered":"Siena &#8211; Mystic Black"},"content":{"rendered":"","protected":false},"excerpt":{"rendered":"<p>Planches extra rustiques, racl\u00e9es \u00e0 la main et fortement rabot\u00e9es, avec des bords arrondis. La surface pr\u00e9sente des n\u0153uds ouverts et des fissures. Ce parquet en ch\u00eane est non seulement traditionnel, mais forme \u00e9galement un contraste saisissant avec un int\u00e9rieur moderne.<\/p>\n","protected":false},"featured_media":1488,"template":"","meta":{"_acf_changed":false,"inline_featured_image":false},"product_brand":[],"product_cat":[428],"product_tag":[],"class_list":{"0":"post-4586","1":"product","2":"type-product","3":"status-publish","4":"has-post-thumbnail","6":"product_cat-autentico-collection-fr","8":"first","9":"instock","10":"shipping-taxable","11":"product-type-simple"},"acf":[],"_links":{"self":[{"href":"https:\/\/www.hertog.com\/fr\/wp-json\/wp\/v2\/product\/4586","targetHints":{"allow":["GET"]}}],"collection":[{"href":"https:\/\/www.hertog.com\/fr\/wp-json\/wp\/v2\/product"}],"about":[{"href":"https:\/\/www.hertog.com\/fr\/wp-json\/wp\/v2\/types\/product"}],"wp:featuredmedia":[{"embeddable":true,"href":"https:\/\/www.hertog.com\/fr\/wp-json\/wp\/v2\/media\/1488"}],"wp:attachment":[{"href":"https:\/\/www.hertog.com\/fr\/wp-json\/wp\/v2\/media?parent=4586"}],"wp:term":[{"taxonomy":"product_brand","embeddable":true,"href":"https:\/\/www.hertog.com\/fr\/wp-json\/wp\/v2\/product_brand?post=4586"},{"taxonomy":"product_cat","embeddable":true,"href":"https:\/\/www.hertog.com\/fr\/wp-json\/wp\/v2\/product_cat?post=4586"},{"taxonomy":"product_tag","embeddable":true,"href":"https:\/\/www.hertog.com\/fr\/wp-json\/wp\/v2\/product_tag?post=4586"}],"curies":[{"name":"wp","href":"https:\/\/api.w.org\/{rel}","templated":true}]}}