{"id":4610,"date":"2022-05-05T14:23:43","date_gmt":"2022-05-05T14:23:43","guid":{"rendered":"https:\/\/www.hertog.com\/vloer\/non%20class\u00e9\/raffaello-naturel-umber\/"},"modified":"2023-10-11T08:38:40","modified_gmt":"2023-10-11T08:38:40","slug":"raffaello-naturel-umber","status":"publish","type":"product","link":"https:\/\/www.hertog.com\/fr\/plancher\/top-duo-collection-fr\/raffaello-naturel-umber\/","title":{"rendered":"Raffaello &#8211; Natural Umber"},"content":{"rendered":"","protected":false},"excerpt":{"rendered":"<p>Le brossage l\u00e9ger de la surface souligne le beau grain du bois de ch\u00eane, cr\u00e9ant un aspect expressif et une sensation tr\u00e8s agr\u00e9able. Ce sol est intemporel dans toutes les couleurs.<\/p>\n","protected":false},"featured_media":1384,"template":"","meta":{"_acf_changed":false,"inline_featured_image":false},"product_brand":[],"product_cat":[430],"product_tag":[],"class_list":{"0":"post-4610","1":"product","2":"type-product","3":"status-publish","4":"has-post-thumbnail","6":"product_cat-top-duo-collection-fr","8":"first","9":"instock","10":"shipping-taxable","11":"product-type-simple"},"acf":[],"_links":{"self":[{"href":"https:\/\/www.hertog.com\/fr\/wp-json\/wp\/v2\/product\/4610","targetHints":{"allow":["GET"]}}],"collection":[{"href":"https:\/\/www.hertog.com\/fr\/wp-json\/wp\/v2\/product"}],"about":[{"href":"https:\/\/www.hertog.com\/fr\/wp-json\/wp\/v2\/types\/product"}],"wp:featuredmedia":[{"embeddable":true,"href":"https:\/\/www.hertog.com\/fr\/wp-json\/wp\/v2\/media\/1384"}],"wp:attachment":[{"href":"https:\/\/www.hertog.com\/fr\/wp-json\/wp\/v2\/media?parent=4610"}],"wp:term":[{"taxonomy":"product_brand","embeddable":true,"href":"https:\/\/www.hertog.com\/fr\/wp-json\/wp\/v2\/product_brand?post=4610"},{"taxonomy":"product_cat","embeddable":true,"href":"https:\/\/www.hertog.com\/fr\/wp-json\/wp\/v2\/product_cat?post=4610"},{"taxonomy":"product_tag","embeddable":true,"href":"https:\/\/www.hertog.com\/fr\/wp-json\/wp\/v2\/product_tag?post=4610"}],"curies":[{"name":"wp","href":"https:\/\/api.w.org\/{rel}","templated":true}]}}