{"id":4614,"date":"2022-05-05T14:16:48","date_gmt":"2022-05-05T14:16:48","guid":{"rendered":"https:\/\/www.hertog.com\/vloer\/non%20class\u00e9\/michelangelo-crystal-white\/"},"modified":"2023-04-13T12:37:17","modified_gmt":"2023-04-13T12:37:17","slug":"michelangelo-crystal-white","status":"publish","type":"product","link":"https:\/\/www.hertog.com\/fr\/plancher\/top-duo-collection-fr\/michelangelo-crystal-white\/","title":{"rendered":"Michelangelo &#8211; Crystal White"},"content":{"rendered":"","protected":false},"excerpt":{"rendered":"<p>Un parquet en ch\u00eane avec des marques de vieillissement compl\u00e8tement irr\u00e9guli\u00e8res et al\u00e9atoires qui normalement n&rsquo;apparaissent qu&rsquo;apr\u00e8s des si\u00e8cles. Un classique avec un look tr\u00e8s traditionnel.<\/p>\n","protected":false},"featured_media":1364,"template":"","meta":{"_acf_changed":false,"inline_featured_image":false},"product_brand":[],"product_cat":[430],"product_tag":[],"class_list":{"0":"post-4614","1":"product","2":"type-product","3":"status-publish","4":"has-post-thumbnail","6":"product_cat-top-duo-collection-fr","8":"first","9":"instock","10":"shipping-taxable","11":"product-type-simple"},"acf":[],"_links":{"self":[{"href":"https:\/\/www.hertog.com\/fr\/wp-json\/wp\/v2\/product\/4614","targetHints":{"allow":["GET"]}}],"collection":[{"href":"https:\/\/www.hertog.com\/fr\/wp-json\/wp\/v2\/product"}],"about":[{"href":"https:\/\/www.hertog.com\/fr\/wp-json\/wp\/v2\/types\/product"}],"wp:featuredmedia":[{"embeddable":true,"href":"https:\/\/www.hertog.com\/fr\/wp-json\/wp\/v2\/media\/1364"}],"wp:attachment":[{"href":"https:\/\/www.hertog.com\/fr\/wp-json\/wp\/v2\/media?parent=4614"}],"wp:term":[{"taxonomy":"product_brand","embeddable":true,"href":"https:\/\/www.hertog.com\/fr\/wp-json\/wp\/v2\/product_brand?post=4614"},{"taxonomy":"product_cat","embeddable":true,"href":"https:\/\/www.hertog.com\/fr\/wp-json\/wp\/v2\/product_cat?post=4614"},{"taxonomy":"product_tag","embeddable":true,"href":"https:\/\/www.hertog.com\/fr\/wp-json\/wp\/v2\/product_tag?post=4614"}],"curies":[{"name":"wp","href":"https:\/\/api.w.org\/{rel}","templated":true}]}}