{"id":4971,"date":"2023-07-25T09:27:47","date_gmt":"2023-07-25T09:27:47","guid":{"rendered":"https:\/\/www.hertog.com\/vloer\/non%20class\u00e9\/firenze-the-hamptons\/"},"modified":"2023-07-25T09:29:09","modified_gmt":"2023-07-25T09:29:09","slug":"firenze-the-hamptons","status":"publish","type":"product","link":"https:\/\/www.hertog.com\/fr\/plancher\/autentico-collection-fr\/firenze-the-hamptons\/","title":{"rendered":"Firenze &#8211; The Hamptons"},"content":{"rendered":"","protected":false},"excerpt":{"rendered":"<p>Racl\u00e9 et rabot\u00e9 \u00e0 la main avec des bords arrondis sur 4 c\u00f4t\u00e9s. Des fissures de t\u00eate \u00e9troites se produisent. Un sol d&rsquo;aspect agr\u00e9able et calme.<\/p>\n","protected":false},"featured_media":4938,"template":"","meta":{"_acf_changed":false,"inline_featured_image":false},"product_brand":[],"product_cat":[428],"product_tag":[],"class_list":{"0":"post-4971","1":"product","2":"type-product","3":"status-publish","4":"has-post-thumbnail","6":"product_cat-autentico-collection-fr","8":"first","9":"instock","10":"shipping-taxable","11":"product-type-simple"},"acf":[],"_links":{"self":[{"href":"https:\/\/www.hertog.com\/fr\/wp-json\/wp\/v2\/product\/4971","targetHints":{"allow":["GET"]}}],"collection":[{"href":"https:\/\/www.hertog.com\/fr\/wp-json\/wp\/v2\/product"}],"about":[{"href":"https:\/\/www.hertog.com\/fr\/wp-json\/wp\/v2\/types\/product"}],"wp:featuredmedia":[{"embeddable":true,"href":"https:\/\/www.hertog.com\/fr\/wp-json\/wp\/v2\/media\/4938"}],"wp:attachment":[{"href":"https:\/\/www.hertog.com\/fr\/wp-json\/wp\/v2\/media?parent=4971"}],"wp:term":[{"taxonomy":"product_brand","embeddable":true,"href":"https:\/\/www.hertog.com\/fr\/wp-json\/wp\/v2\/product_brand?post=4971"},{"taxonomy":"product_cat","embeddable":true,"href":"https:\/\/www.hertog.com\/fr\/wp-json\/wp\/v2\/product_cat?post=4971"},{"taxonomy":"product_tag","embeddable":true,"href":"https:\/\/www.hertog.com\/fr\/wp-json\/wp\/v2\/product_tag?post=4971"}],"curies":[{"name":"wp","href":"https:\/\/api.w.org\/{rel}","templated":true}]}}