{"id":5139,"date":"2023-10-11T08:11:30","date_gmt":"2023-10-11T08:11:30","guid":{"rendered":"https:\/\/www.hertog.com\/vloer\/non%20class\u00e9\/roma-natural-umber\/"},"modified":"2023-10-11T08:22:51","modified_gmt":"2023-10-11T08:22:51","slug":"roma-natural-umber","status":"publish","type":"product","link":"https:\/\/www.hertog.com\/fr\/plancher\/top-duo-collection-fr\/roma-natural-umber\/","title":{"rendered":"Roma &#8211; Natural Umber"},"content":{"rendered":"","protected":false},"excerpt":{"rendered":"<p>Avec sa surface lisse, finement rabot\u00e9e avec une technique sp\u00e9ciale, ce parquet en ch\u00eane est expressif, mais en m\u00eame temps \u00e9l\u00e9gant et styl\u00e9, un sol qui prend tout son sens dans n&rsquo;importe quel int\u00e9rieur.<\/p>\n","protected":false},"featured_media":5155,"template":"","meta":{"_acf_changed":false,"inline_featured_image":false},"product_brand":[],"product_cat":[430],"product_tag":[],"class_list":{"0":"post-5139","1":"product","2":"type-product","3":"status-publish","4":"has-post-thumbnail","6":"product_cat-top-duo-collection-fr","8":"first","9":"instock","10":"shipping-taxable","11":"product-type-simple"},"acf":[],"_links":{"self":[{"href":"https:\/\/www.hertog.com\/fr\/wp-json\/wp\/v2\/product\/5139","targetHints":{"allow":["GET"]}}],"collection":[{"href":"https:\/\/www.hertog.com\/fr\/wp-json\/wp\/v2\/product"}],"about":[{"href":"https:\/\/www.hertog.com\/fr\/wp-json\/wp\/v2\/types\/product"}],"wp:featuredmedia":[{"embeddable":true,"href":"https:\/\/www.hertog.com\/fr\/wp-json\/wp\/v2\/media\/5155"}],"wp:attachment":[{"href":"https:\/\/www.hertog.com\/fr\/wp-json\/wp\/v2\/media?parent=5139"}],"wp:term":[{"taxonomy":"product_brand","embeddable":true,"href":"https:\/\/www.hertog.com\/fr\/wp-json\/wp\/v2\/product_brand?post=5139"},{"taxonomy":"product_cat","embeddable":true,"href":"https:\/\/www.hertog.com\/fr\/wp-json\/wp\/v2\/product_cat?post=5139"},{"taxonomy":"product_tag","embeddable":true,"href":"https:\/\/www.hertog.com\/fr\/wp-json\/wp\/v2\/product_tag?post=5139"}],"curies":[{"name":"wp","href":"https:\/\/api.w.org\/{rel}","templated":true}]}}