{"id":5485,"date":"2025-06-12T07:52:50","date_gmt":"2025-06-12T07:52:50","guid":{"rendered":"https:\/\/www.hertog.com\/?post_type=product&#038;p=5485"},"modified":"2025-06-12T08:32:03","modified_gmt":"2025-06-12T08:32:03","slug":"raffaello-sand","status":"publish","type":"product","link":"https:\/\/www.hertog.com\/fr\/plancher\/top-duo-collection-fr\/raffaello-sand\/","title":{"rendered":"Raffaello &#8211; Sand"},"content":{"rendered":"","protected":false},"excerpt":{"rendered":"<p>Le brossage l\u00e9ger de la surface souligne le beau grain du bois de ch\u00eane, cr\u00e9ant un aspect expressif et une sensation tr\u00e8s agr\u00e9able. Ce sol est intemporel dans toutes les couleurs.<\/p>\n","protected":false},"featured_media":5477,"template":"","meta":{"_acf_changed":false,"inline_featured_image":false},"product_brand":[],"product_cat":[430],"product_tag":[],"class_list":{"0":"post-5485","1":"product","2":"type-product","3":"status-publish","4":"has-post-thumbnail","6":"product_cat-top-duo-collection-fr","8":"first","9":"instock","10":"shipping-taxable","11":"product-type-simple"},"acf":[],"_links":{"self":[{"href":"https:\/\/www.hertog.com\/fr\/wp-json\/wp\/v2\/product\/5485","targetHints":{"allow":["GET"]}}],"collection":[{"href":"https:\/\/www.hertog.com\/fr\/wp-json\/wp\/v2\/product"}],"about":[{"href":"https:\/\/www.hertog.com\/fr\/wp-json\/wp\/v2\/types\/product"}],"wp:featuredmedia":[{"embeddable":true,"href":"https:\/\/www.hertog.com\/fr\/wp-json\/wp\/v2\/media\/5477"}],"wp:attachment":[{"href":"https:\/\/www.hertog.com\/fr\/wp-json\/wp\/v2\/media?parent=5485"}],"wp:term":[{"taxonomy":"product_brand","embeddable":true,"href":"https:\/\/www.hertog.com\/fr\/wp-json\/wp\/v2\/product_brand?post=5485"},{"taxonomy":"product_cat","embeddable":true,"href":"https:\/\/www.hertog.com\/fr\/wp-json\/wp\/v2\/product_cat?post=5485"},{"taxonomy":"product_tag","embeddable":true,"href":"https:\/\/www.hertog.com\/fr\/wp-json\/wp\/v2\/product_tag?post=5485"}],"curies":[{"name":"wp","href":"https:\/\/api.w.org\/{rel}","templated":true}]}}